{"id":130,"date":"2024-10-15T16:28:53","date_gmt":"2024-10-15T16:28:53","guid":{"rendered":"https:\/\/fink-reitanlagen.de\/wp\/entwicklung"},"modified":"2025-06-17T11:03:08","modified_gmt":"2025-06-17T11:03:08","slug":"entwicklung","status":"publish","type":"page","link":"https:\/\/fink-reitanlagen.de\/wp\/?page_id=130","title":{"rendered":"Entwicklung"},"content":{"rendered":"<div data-colibri-id=\"130-c1\" class=\"style-618 style-local-130-c1 position-relative\">\n  <!---->\n  <div data-colibri-component=\"section\" data-colibri-id=\"130-c2\" id=\"beratungsschritte\" class=\"h-section h-section-global-spacing d-flex align-items-lg-center align-items-md-center align-items-center style-807 style-local-130-c2 position-relative\">\n    <!---->\n    <!---->\n    <div class=\"h-section-grid-container h-section-boxed-container\">\n      <!---->\n      <div data-colibri-id=\"130-c3\" class=\"h-row-container gutters-row-lg-2 gutters-row-md-2 gutters-row-0 gutters-row-v-lg-2 gutters-row-v-md-2 gutters-row-v-2 style-814 style-local-130-c3 position-relative\">\n        <!---->\n        <div class=\"h-row justify-content-lg-center justify-content-md-center justify-content-center align-items-lg-stretch align-items-md-stretch align-items-stretch gutters-col-lg-2 gutters-col-md-2 gutters-col-0 gutters-col-v-lg-2 gutters-col-v-md-2 gutters-col-v-2\">\n          <!---->\n          <div class=\"h-column h-column-container d-flex h-col-lg-auto h-col-md-auto h-col-auto style-815-outer style-local-130-c4-outer\">\n            <div data-colibri-id=\"130-c4\" class=\"d-flex h-flex-basis h-column__inner h-px-lg-2 h-px-md-2 h-px-2 v-inner-lg-2 v-inner-md-2 v-inner-2 style-815 style-local-130-c4 position-relative\">\n              <!---->\n              <!---->\n              <div class=\"w-100 h-y-container h-column__content h-column__v-align flex-basis-100 align-self-lg-start align-self-md-start align-self-start\">\n                <!---->\n                <div data-colibri-id=\"130-c5\" class=\"h-global-transition-all h-heading style-1000 style-local-130-c5 position-relative h-element\">\n                  <!---->\n                  <div class=\"h-heading__outer style-1000 style-local-130-c5\">\n                    <!---->\n                    <!---->\n                    <h2 class=\"\"><span style=\"font-weight: 600; font-size: 139%;\">Entwicklung<\/span><\/h2>\n                  <\/div>\n                <\/div>\n              <\/div>\n            <\/div>\n          <\/div>\n        <\/div>\n      <\/div>\n      <div data-colibri-id=\"130-c6\" class=\"h-row-container gutters-row-lg-2 gutters-row-md-2 gutters-row-0 gutters-row-v-lg-2 gutters-row-v-md-2 gutters-row-v-2 style-811 style-local-130-c6 position-relative\">\n        <!---->\n        <div class=\"h-row justify-content-lg-center justify-content-md-center justify-content-center align-items-lg-stretch align-items-md-stretch align-items-stretch gutters-col-lg-2 gutters-col-md-2 gutters-col-0 gutters-col-v-lg-2 gutters-col-v-md-2 gutters-col-v-2\">\n          <!---->\n          <div class=\"h-column h-column-container d-flex h-col-lg-auto h-col-md-auto h-col-auto style-812-outer style-local-130-c7-outer\">\n            <div data-colibri-id=\"130-c7\" class=\"d-flex h-flex-basis h-column__inner h-px-lg-2 h-px-md-2 h-px-2 v-inner-lg-2 v-inner-md-2 v-inner-2 style-812 style-local-130-c7 position-relative\">\n              <!---->\n              <!---->\n              <div class=\"w-100 h-y-container h-column__content h-column__v-align flex-basis-100 align-self-lg-start align-self-md-start align-self-start\">\n                <!---->\n                <div data-colibri-id=\"130-c8\" class=\"h-global-transition-all h-heading style-1086 style-local-130-c8 position-relative h-element\">\n                  <!---->\n                  <div class=\"h-heading__outer style-1086 style-local-130-c8\">\n                    <!---->\n                    <!---->\n                    <h2 class=\"\"><span style=\"font-size: 83%;\">In unserer strukturierten Beratung passen wir uns stets individuell an Ihr Projekt an, um die St\u00e4rken Ihres Unternehmens zu identifizieren und gezielte Ma\u00dfnahmenzur Optimierung zu entwickeln.<\/span><\/h2>\n                  <\/div>\n                <\/div>\n              <\/div>\n            <\/div>\n          <\/div>\n        <\/div>\n      <\/div>\n      <div data-colibri-id=\"130-c9\" class=\"h-row-container gutters-row-lg-2 gutters-row-md-2 gutters-row-0 gutters-row-v-lg-2 gutters-row-v-md-2 gutters-row-v-2 style-808 style-local-130-c9 position-relative\">\n        <!---->\n        <div class=\"h-row justify-content-lg-center justify-content-md-center justify-content-center align-items-lg-stretch align-items-md-stretch align-items-stretch gutters-col-lg-2 gutters-col-md-2 gutters-col-0 gutters-col-v-lg-2 gutters-col-v-md-2 gutters-col-v-2\">\n          <!---->\n          <div class=\"h-column h-column-container d-flex h-col-lg-auto h-col-md-auto h-col-auto style-809-outer style-local-130-c10-outer\">\n            <div data-colibri-id=\"130-c10\" class=\"d-flex h-flex-basis h-column__inner h-px-lg-2 h-px-md-2 h-px-2 v-inner-lg-2 v-inner-md-2 v-inner-2 style-809 style-local-130-c10 position-relative\">\n              <!---->\n              <!---->\n              <div class=\"w-100 h-y-container h-column__content h-column__v-align flex-basis-100 align-self-lg-start align-self-md-start align-self-start\">\n                <!---->\n                <div data-colibri-id=\"130-c11\" class=\"d-block style-1220 style-local-130-c11 position-relative h-element\">\n                  <!---->\n                  <div class=\"h-image__frame-container-outer\">\n                    <div class=\"h-image__frame-container\">\n                      <!---->\n                      <!---->\n                      <img loading=\"lazy\" decoding=\"async\" width=\"2592\" height=\"864\" src=\"https:\/\/fink-reitanlagen.de\/wp\/wp-content\/uploads\/2025\/01\/50-Jahre-Banner-Querformat.png\" class=\"wp-image-2310 style-1220-image style-local-130-c11-image\" alt=\"\" srcset=\"https:\/\/fink-reitanlagen.de\/wp\/wp-content\/uploads\/2025\/01\/50-Jahre-Banner-Querformat.png 2592w, https:\/\/fink-reitanlagen.de\/wp\/wp-content\/uploads\/2025\/01\/50-Jahre-Banner-Querformat-300x100.png 300w, https:\/\/fink-reitanlagen.de\/wp\/wp-content\/uploads\/2025\/01\/50-Jahre-Banner-Querformat-1024x341.png 1024w, https:\/\/fink-reitanlagen.de\/wp\/wp-content\/uploads\/2025\/01\/50-Jahre-Banner-Querformat-768x256.png 768w, https:\/\/fink-reitanlagen.de\/wp\/wp-content\/uploads\/2025\/01\/50-Jahre-Banner-Querformat-1536x512.png 1536w, https:\/\/fink-reitanlagen.de\/wp\/wp-content\/uploads\/2025\/01\/50-Jahre-Banner-Querformat-2048x683.png 2048w\" sizes=\"auto, (max-width: 2592px) 100vw, 2592px\" \/>\n                      <div class=\"h-image__frame h-hide-lg h-hide-md h-hide-sm style-1220-frameImage style-local-130-c11-frameImage\"><\/div>\n                    <\/div>\n                  <\/div>\n                <\/div>\n                <div data-colibri-id=\"130-c12\" class=\"d-block style-810 style-local-130-c12 position-relative h-element\">\n                  <!---->\n                  <div class=\"h-image__frame-container-outer\">\n                    <div class=\"h-image__frame-container\">\n                      <!---->\n                      <!---->\n                      <img loading=\"lazy\" decoding=\"async\" width=\"1024\" height=\"768\" src=\"https:\/\/fink-reitanlagen.de\/wp\/wp-content\/uploads\/2025\/01\/4-Schritte-hell.png\" class=\"wp-image-2309 style-810-image style-local-130-c12-image\" alt=\"\" srcset=\"https:\/\/fink-reitanlagen.de\/wp\/wp-content\/uploads\/2025\/01\/4-Schritte-hell.png 1024w, https:\/\/fink-reitanlagen.de\/wp\/wp-content\/uploads\/2025\/01\/4-Schritte-hell-300x225.png 300w, https:\/\/fink-reitanlagen.de\/wp\/wp-content\/uploads\/2025\/01\/4-Schritte-hell-768x576.png 768w\" sizes=\"auto, (max-width: 1024px) 100vw, 1024px\" \/>\n                      <div class=\"h-image__frame h-hide-lg h-hide-md h-hide-sm style-810-frameImage style-local-130-c12-frameImage\"><\/div>\n                    <\/div>\n                  <\/div>\n                <\/div>\n              <\/div>\n            <\/div>\n          <\/div>\n        <\/div>\n      <\/div>\n    <\/div>\n  <\/div>\n  <div data-colibri-component=\"section\" data-colibri-id=\"130-c13\" id=\"unser-versprechen-2\" class=\"h-section h-section-global-spacing d-flex align-items-lg-center align-items-md-center align-items-center style-1151 style-local-130-c13 position-relative\">\n    <!---->\n    <!---->\n    <div class=\"h-section-grid-container h-section-boxed-container\">\n      <!---->\n      <div data-colibri-id=\"130-c14\" class=\"h-row-container gutters-row-lg-2 gutters-row-md-2 gutters-row-2 gutters-row-v-lg-2 gutters-row-v-md-2 gutters-row-v-2 style-1152 style-local-130-c14 position-relative\">\n        <!---->\n        <div class=\"h-row justify-content-lg-center justify-content-md-center justify-content-center align-items-lg-stretch align-items-md-stretch align-items-stretch gutters-col-lg-2 gutters-col-md-2 gutters-col-2 gutters-col-v-lg-2 gutters-col-v-md-2 gutters-col-v-2\">\n          <!---->\n          <div class=\"h-column h-column-container d-flex h-col-lg-auto h-col-md-auto h-col-auto style-1153-outer style-local-130-c15-outer\">\n            <div data-colibri-id=\"130-c15\" class=\"d-flex h-flex-basis h-column__inner h-px-lg-2 h-px-md-2 h-px-2 v-inner-lg-2 v-inner-md-2 v-inner-2 style-1153 style-local-130-c15 position-relative\">\n              <!---->\n              <!---->\n              <div class=\"w-100 h-y-container h-column__content h-column__v-align flex-basis-100 align-self-lg-center align-self-md-center align-self-center\">\n                <!---->\n                <div data-colibri-id=\"130-c16\" class=\"d-block style-1165 style-local-130-c16 position-relative h-element\">\n                  <!---->\n                  <div class=\"h-image__frame-container-outer\">\n                    <div class=\"h-image__frame-container\">\n                      <!---->\n                      <!---->\n                      <img loading=\"lazy\" decoding=\"async\" width=\"1366\" height=\"2048\" src=\"https:\/\/fink-reitanlagen.de\/wp\/wp-content\/uploads\/2025\/01\/23-04-26_Fink-0364.jpg\" class=\"wp-image-2603 style-1165-image style-local-130-c16-image\" alt=\"\" srcset=\"https:\/\/fink-reitanlagen.de\/wp\/wp-content\/uploads\/2025\/01\/23-04-26_Fink-0364.jpg 1366w, https:\/\/fink-reitanlagen.de\/wp\/wp-content\/uploads\/2025\/01\/23-04-26_Fink-0364-200x300.jpg 200w, https:\/\/fink-reitanlagen.de\/wp\/wp-content\/uploads\/2025\/01\/23-04-26_Fink-0364-683x1024.jpg 683w, https:\/\/fink-reitanlagen.de\/wp\/wp-content\/uploads\/2025\/01\/23-04-26_Fink-0364-768x1151.jpg 768w, https:\/\/fink-reitanlagen.de\/wp\/wp-content\/uploads\/2025\/01\/23-04-26_Fink-0364-1025x1536.jpg 1025w\" sizes=\"auto, (max-width: 1366px) 100vw, 1366px\" \/>\n                      <div class=\"h-image__frame h-hide-lg h-hide-md h-hide-sm style-1165-frameImage style-local-130-c16-frameImage\"><\/div>\n                    <\/div>\n                  <\/div>\n                <\/div>\n              <\/div>\n            <\/div>\n          <\/div>\n          <div class=\"h-column h-column-container d-flex h-col-lg-auto h-col-md-auto h-col-auto style-1158-outer style-local-130-c17-outer\">\n            <div data-colibri-id=\"130-c17\" class=\"d-flex h-flex-basis h-column__inner h-px-lg-2 h-px-md-2 h-px-2 v-inner-lg-2 v-inner-md-2 v-inner-2 style-1158 style-local-130-c17 position-relative\">\n              <!---->\n              <!---->\n              <div class=\"w-100 h-y-container h-column__content h-column__v-align flex-basis-100 align-self-lg-center align-self-md-center align-self-center\">\n                <!---->\n                <div data-colibri-id=\"130-c18\" class=\"h-global-transition-all h-heading style-1160 style-local-130-c18 position-relative h-element\">\n                  <!---->\n                  <div class=\"h-heading__outer style-1160 style-local-130-c18\">\n                    <!---->\n                    <!---->\n                    <h2 class=\"\"><span style=\"font-weight: 600;\">Unser Angebot<\/span><\/h2>\n                  <\/div>\n                <\/div>\n                <div data-colibri-id=\"130-c19\" class=\"h-text h-text-component style-1161 style-local-130-c19 position-relative h-element\">\n                  <!---->\n                  <!---->\n                  <div class=\"\">\n                    <p><span style=\"font-size: 101%; font-weight: 400;\">Unser Verhaltenskodex bildet das Fundament unseres Handelns und spiegelt unsere Werte wider. <\/span><\/p>\n                    <p><span style=\"font-size: 101%; font-weight: 400;\">Wir legen gro\u00dfen Wert auf Integrit\u00e4t und Respekt in allen unseren Projekten. Diskretion ist f\u00fcr uns nicht nur ein Versprechen, sondern eine Verpflichtung, insbesondere bei sensiblen Themen wie Betriebssanierung, Umstrukturierung und innovativen Ideen. <\/span><\/p>\n                    <p><span style=\"font-size: 101%; font-weight: 400;\">Wir respektieren die Privatsph\u00e4re unserer Kunden und Partner und garantieren, dass alle Informationen vertraulich behandelt werden. Zudem f\u00f6rdern wir eine offene Kommunikation innerhalb unseres Teams, um kreative L\u00f6sungen zu entwickeln und die besten Ergebnisse f\u00fcr unsere Kunden zu erzielen. Mit diesem Kodex streben wir danach, Vertrauen zu schaffen und langfristige Beziehungen aufzubauen.<\/span><\/p>\n                  <\/div>\n                <\/div>\n                <div data-colibri-id=\"130-c20\" class=\"h-text h-text-component style-1164 style-local-130-c20 position-relative h-element\">\n                  <!---->\n                  <!---->\n                  <div class=\"\">\n                    <p><em style=\"font-weight: 300;\">Georg W. Fink <\/em><\/p>\n                  <\/div>\n                <\/div>\n              <\/div>\n            <\/div>\n          <\/div>\n        <\/div>\n      <\/div>\n    <\/div>\n  <\/div>\n  <div data-colibri-component=\"section\" data-colibri-id=\"130-c21\" id=\"projekte\" class=\"h-section h-section-global-spacing d-flex align-items-lg-center align-items-md-center align-items-center style-1495 style-local-130-c21 position-relative\">\n    <!---->\n    <!---->\n    <div class=\"h-section-grid-container h-section-boxed-container\">\n      <!---->\n      <div data-colibri-id=\"130-c22\" class=\"h-row-container gutters-row-lg-2 gutters-row-md-2 gutters-row-0 gutters-row-v-lg-2 gutters-row-v-md-2 gutters-row-v-2 style-1499 style-local-130-c22 position-relative\">\n        <!---->\n        <div class=\"h-row justify-content-lg-center justify-content-md-center justify-content-center align-items-lg-stretch align-items-md-stretch align-items-stretch gutters-col-lg-2 gutters-col-md-2 gutters-col-0 gutters-col-v-lg-2 gutters-col-v-md-2 gutters-col-v-2\">\n          <!---->\n          <div class=\"h-column h-column-container d-flex h-col-lg-auto h-col-md-auto h-col-auto style-1500-outer style-local-130-c23-outer\">\n            <div data-colibri-id=\"130-c23\" class=\"d-flex h-flex-basis h-column__inner h-px-lg-2 h-px-md-2 h-px-2 v-inner-lg-2 v-inner-md-2 v-inner-2 style-1500 style-local-130-c23 position-relative\">\n              <!---->\n              <!---->\n              <div class=\"w-100 h-y-container h-column__content h-column__v-align flex-basis-100 align-self-lg-start align-self-md-start align-self-start\">\n                <!---->\n                <div data-colibri-id=\"130-c24\" class=\"h-global-transition-all h-heading style-1501 style-local-130-c24 position-relative h-element\">\n                  <!---->\n                  <div class=\"h-heading__outer style-1501 style-local-130-c24\">\n                    <!---->\n                    <!---->\n                    <h2 class=\"\"><span style=\"font-weight: 600; color: rgb(0, 50, 153);\">Projekte<\/span><\/h2>\n                  <\/div>\n                <\/div>\n              <\/div>\n            <\/div>\n          <\/div>\n        <\/div>\n      <\/div>\n      <div data-colibri-id=\"130-c25\" class=\"h-row-container gutters-row-lg-2 gutters-row-md-2 gutters-row-0 gutters-row-v-lg-2 gutters-row-v-md-2 gutters-row-v-2 style-1506 style-local-130-c25 position-relative\">\n        <!---->\n        <div class=\"h-row justify-content-lg-center justify-content-md-center justify-content-center align-items-lg-stretch align-items-md-stretch align-items-stretch gutters-col-lg-2 gutters-col-md-2 gutters-col-0 gutters-col-v-lg-2 gutters-col-v-md-2 gutters-col-v-2\">\n          <!---->\n          <div class=\"h-column h-column-container d-flex h-col-lg-auto h-col-md-auto h-col-auto style-1507-outer style-local-130-c26-outer\">\n            <div data-colibri-id=\"130-c26\" class=\"d-flex h-flex-basis h-column__inner h-px-lg-2 h-px-md-2 h-px-2 v-inner-lg-2 v-inner-md-2 v-inner-2 style-1507 style-local-130-c26 position-relative\">\n              <!---->\n              <!---->\n              <div class=\"w-100 h-y-container h-column__content h-column__v-align flex-basis-100 align-self-lg-start align-self-md-start align-self-start\">\n                <!---->\n                <div data-colibri-id=\"130-c27\" class=\"h-text h-text-component style-1498 style-local-130-c27 position-relative h-element\">\n                  <!---->\n                  <!---->\n                  <div class=\"\">\n                    <p><span style=\"font-size: 124%;\">M\u00f6chten Sie einen Einblick in unsere bisherigen Projekte gewinnen? <\/span><\/p>\n                    <p><span style=\"font-size: 124%;\">Wir laden Sie herzlich ein, unsere Seite \u201eProjekte\u201c zu besuchen. <\/span><\/p>\n                    <p><span style=\"font-size: 124%;\">F\u00fcr weitere Informationen stehen wir Ihnen jederzeit gerne zur Verf\u00fcgung <\/span><\/p>\n                    <p><span style=\"font-size: 124%;\">\u2013 z\u00f6gern Sie nicht, uns zu kontaktieren.<\/span><span style=\"font-size: 120%;\"><br><\/span><\/p>\n                  <\/div>\n                <\/div>\n                <div data-colibri-id=\"130-c28\" class=\"h-x-container style-1508 style-local-130-c28 position-relative h-element\">\n                  <!---->\n                  <div class=\"h-x-container-inner style-dynamic-130-c28-group style-1508-spacing style-local-130-c28-spacing\"><span class=\"h-button__outer style-1509-outer style-local-130-c29-outer d-inline-flex h-element\"><a h-use-smooth-scroll=\"true\" href=\"https:\/\/fink-reitanlagen.de\/wp\/?page_id=2629\"  data-colibri-id=\"130-c29\" class=\"d-flex w-100 align-items-center h-button justify-content-lg-center justify-content-md-center justify-content-center style-1509 style-local-130-c29 position-relative\"><!----><!----> <span>Zur Projekt\u00fcbersicht<\/span><\/a>\n                    <\/span>\n                  <\/div>\n                <\/div>\n              <\/div>\n            <\/div>\n          <\/div>\n        <\/div>\n      <\/div>\n    <\/div>\n  <\/div>\n  <div data-colibri-component=\"section\" data-colibri-id=\"130-c30\" id=\"cta-2\" class=\"h-section h-section-global-spacing d-flex align-items-lg-center align-items-md-center align-items-center style-1087 style-local-130-c30 position-relative\">\n    <div class=\"background-wrapper\">\n      <div class=\"background-layer background-layer-media-container-lg\">\n        <div data-enabled=\"true\" data-colibri-component=\"parallax\" class=\"background-layer paraxify\" model-id=\"130-c30\" media=\"desktop\" is-preview=\"true\" style=\"background-image: url(&quot;https:\/\/fink-reitanlagen.de\/wp\/wp-content\/uploads\/2025\/01\/23-04-26_Fink-0208.jpg&quot;);\"><\/div>\n      <\/div>\n      <div class=\"background-layer background-layer-media-container-md\">\n        <!---->\n      <\/div>\n      <div class=\"background-layer background-layer-media-container\">\n        <!---->\n      <\/div>\n    <\/div>\n    <!---->\n    <div class=\"h-section-grid-container h-section-boxed-container\">\n      <!---->\n      <div data-colibri-id=\"130-c31\" class=\"h-row-container gutters-row-lg-0 gutters-row-md-0 gutters-row-0 gutters-row-v-lg-0 gutters-row-v-md-0 gutters-row-v-0 style-1088 style-local-130-c31 position-relative\">\n        <!---->\n        <div class=\"h-row justify-content-lg-center justify-content-md-center justify-content-center align-items-lg-stretch align-items-md-stretch align-items-stretch gutters-col-lg-0 gutters-col-md-0 gutters-col-0 gutters-col-v-lg-0 gutters-col-v-md-0 gutters-col-v-0\">\n          <!---->\n          <div class=\"h-column h-column-container d-flex h-col-lg-auto h-col-md-auto h-col-auto style-1089-outer style-local-130-c32-outer\">\n            <div data-colibri-id=\"130-c32\" class=\"d-flex h-flex-basis h-column__inner h-px-lg-0 h-px-md-0 h-px-0 v-inner-lg-0 v-inner-md-0 v-inner-0 style-1089 style-local-130-c32 position-relative\">\n              <!---->\n              <!---->\n              <div class=\"w-100 h-y-container h-column__content h-column__v-align flex-basis-100 align-self-lg-start align-self-md-start align-self-start\">\n                <!---->\n                <div data-colibri-id=\"130-c33\" class=\"h-global-transition-all h-heading style-1090 style-local-130-c33 position-relative h-element\">\n                  <!---->\n                  <div class=\"h-heading__outer style-1090 style-local-130-c33\">\n                    <!---->\n                    <!---->\n                    <h2 class=\"\"><span style=\"font-weight: 600; font-family: Open Sans; font-size: 85%;\">Fink Reitanlagen<\/span><\/h2>\n                  <\/div>\n                <\/div>\n                <div data-colibri-id=\"130-c34\" class=\"h-global-transition-all h-heading style-1097 style-local-130-c34 position-relative h-element\">\n                  <!---->\n                  <div class=\"h-heading__outer style-1097 style-local-130-c34\">\n                    <!---->\n                    <!---->\n                    <h2 class=\"\"><span style=\"font-size: 81%;\">Ihr Partner f\u00fcr erfolgreiche Pferdehaltung<\/span><\/h2>\n                  <\/div>\n                <\/div>\n                <div data-colibri-id=\"130-c35\" class=\"h-text h-text-component style-1092 style-local-130-c35 position-relative h-element\">\n                  <!---->\n                  <!---->\n                  <div class=\"\">\n                    <p>Unsere Expertise und jahrelange Erfahrung stehen Ihnen zur Verf\u00fcgung, um Ihre Visionen und Ziele im Bereich der Pferdehaltung zu realisieren. Kontaktieren Sie uns, um mehr \u00fcber unsere Beratungsangebote zu erfahren und wie wir Ihnen\n                      helfen k\u00f6nnen, eine optimale Umgebung f\u00fcr Ihre Pferde zu schaffen!\n                      <br>\n                    <\/p>\n                  <\/div>\n                <\/div>\n              <\/div>\n            <\/div>\n          <\/div>\n          <div class=\"h-column h-column-container d-flex h-col-lg-auto h-col-md-auto h-col-auto style-1093-outer style-local-130-c36-outer\">\n            <div data-colibri-id=\"130-c36\" class=\"d-flex h-flex-basis h-column__inner h-px-lg-0 h-px-md-0 h-px-0 v-inner-lg-0 v-inner-md-0 v-inner-0 style-1093 style-local-130-c36 position-relative\">\n              <!---->\n              <!---->\n              <div class=\"w-100 h-y-container h-column__content h-column__v-align flex-basis-100 align-self-lg-start align-self-md-start align-self-start\">\n                <!---->\n                <div data-colibri-id=\"130-c37\" class=\"h-x-container style-1094 style-local-130-c37 position-relative h-element\">\n                  <!---->\n                  <div class=\"h-x-container-inner style-dynamic-130-c37-group style-1094-spacing style-local-130-c37-spacing\"><span class=\"h-button__outer style-1095-outer style-local-130-c38-outer d-inline-flex h-element\"><a h-use-smooth-scroll=\"true\" href=\"https:\/\/fink-reitanlagen.de\/wp\/kontakt?customize_changeset_uuid=622910df-3e1e-4f92-b555-2972930471f7\" target=\"_blank\"  data-colibri-id=\"130-c38\" class=\"d-flex w-100 align-items-center h-button justify-content-lg-center justify-content-md-center justify-content-center style-1095 style-local-130-c38 position-relative\"><!----><!----> <span>Anfrage senden<\/span><\/a>\n                    <\/span>\n                  <\/div>\n                <\/div>\n              <\/div>\n            <\/div>\n          <\/div>\n        <\/div>\n      <\/div>\n    <\/div>\n  <\/div>\n<\/div>","protected":false},"excerpt":{"rendered":"<p>Entwicklung In unserer strukturierten Beratung passen wir uns stets individuell an Ihr Projekt an, um die St\u00e4rken Ihres Unternehmens zu identifizieren und gezielte Ma\u00dfnahmenzur Optimierung zu entwickeln. Unser Angebot Unser Verhaltenskodex bildet das Fundament unseres Handelns und spiegelt unsere Werte wider. Wir legen gro\u00dfen Wert auf Integrit\u00e4t und Respekt in allen unseren Projekten. Diskretion ist [&hellip;]<\/p>\n","protected":false},"author":1,"featured_media":0,"parent":0,"menu_order":0,"comment_status":"closed","ping_status":"closed","template":"page-templates\/full-width-page.php","meta":{"footnotes":""},"class_list":["post-130","page","type-page","status-publish","hentry"],"_links":{"self":[{"href":"https:\/\/fink-reitanlagen.de\/wp\/index.php?rest_route=\/wp\/v2\/pages\/130","targetHints":{"allow":["GET"]}}],"collection":[{"href":"https:\/\/fink-reitanlagen.de\/wp\/index.php?rest_route=\/wp\/v2\/pages"}],"about":[{"href":"https:\/\/fink-reitanlagen.de\/wp\/index.php?rest_route=\/wp\/v2\/types\/page"}],"author":[{"embeddable":true,"href":"https:\/\/fink-reitanlagen.de\/wp\/index.php?rest_route=\/wp\/v2\/users\/1"}],"replies":[{"embeddable":true,"href":"https:\/\/fink-reitanlagen.de\/wp\/index.php?rest_route=%2Fwp%2Fv2%2Fcomments&post=130"}],"version-history":[{"count":20,"href":"https:\/\/fink-reitanlagen.de\/wp\/index.php?rest_route=\/wp\/v2\/pages\/130\/revisions"}],"predecessor-version":[{"id":3388,"href":"https:\/\/fink-reitanlagen.de\/wp\/index.php?rest_route=\/wp\/v2\/pages\/130\/revisions\/3388"}],"wp:attachment":[{"href":"https:\/\/fink-reitanlagen.de\/wp\/index.php?rest_route=%2Fwp%2Fv2%2Fmedia&parent=130"}],"curies":[{"name":"wp","href":"https:\/\/api.w.org\/{rel}","templated":true}]}}